{"id":684,"date":"2024-11-20T10:21:15","date_gmt":"2024-11-20T16:21:15","guid":{"rendered":"https:\/\/mexicopacific.com\/esg\/corporate-responsibility-copy\/"},"modified":"2025-01-21T17:11:22","modified_gmt":"2025-01-21T23:11:22","slug":"human-rights-2","status":"publish","type":"page","link":"https:\/\/mexicopacific.com\/esp\/human-rights-2\/","title":{"rendered":"Derechos humanos"},"content":{"rendered":"<div id=\"cs-content\" class=\"cs-content\"><div class=\"x-section e684-e1 mj0-0 mj0-1\"><div class=\"x-row e684-e2 mj0-6 mj0-7 mj0-8 mj0-9 mj0-a mj0-b mj0-g\"><div class=\"x-row-inner\"><div class=\"x-col e684-e3 mj0-l mj0-m mj0-n mj0-o\"><div class=\"x-bg\" aria-hidden=\"true\"><div class=\"x-bg-layer-upper-image\" data-x-element-bg-layer=\"{&quot;parallaxSize&quot;:&quot;150%&quot;,&quot;parallaxDir&quot;:&quot;v&quot;,&quot;parallaxRev&quot;:false}\" style=\" background-image: url(https:\/\/mexicopacific.com\/wp-content\/uploads\/2024\/11\/human-right-2-scaled.jpg); background-repeat: no-repeat; background-position: center left; background-size: cover;\"><\/div><\/div><div class=\"x-div e684-e4 mj0-u mj0-v mj0-w back\"><div class=\"x-text x-text-headline e684-e5 mj0-15 mj0-16\"><div class=\"x-text-content\"><div class=\"x-text-content-text\"><h1 class=\"x-text-content-text-primary\">Derechos humanos<\/h1>\n<\/div><\/div><\/div><\/div><div class=\"x-div e684-e6 mj0-u mj0-v mj0-x mj0-y mj0-z mj0-10 mj0-3 mj0-4 .efecto x-effect-exit\" data-x-effect=\"{&quot;scroll&quot;:true,&quot;offsetTop&quot;:&quot;10%&quot;,&quot;offsetBottom&quot;:&quot;10%&quot;,&quot;behaviorScroll&quot;:&quot;fire-once&quot;,&quot;animationEnter&quot;:&quot;pulse&quot;,&quot;animationExit&quot;:&quot;swing&quot;}\"><div class=\"x-bg\" aria-hidden=\"true\"><div class=\"x-bg-layer-lower-image\" data-x-element-bg-layer=\"{&quot;parallaxSize&quot;:&quot;120%&quot;,&quot;parallaxDir&quot;:&quot;h&quot;,&quot;parallaxRev&quot;:false}\" style=\" background-image: url(https:\/\/mexicopacific.com\/wp-content\/uploads\/2024\/09\/textura-1.png); background-repeat: no-repeat; background-position: top center; background-size: cover;\"><\/div><\/div><\/div><\/div><\/div><\/div><\/div><div class=\"x-section e684-e7 mj0-0 mj0-2\"><div class=\"x-row e684-e8 mj0-6 mj0-8 mj0-c mj0-d mj0-e mj0-h mj0-i\"><div class=\"x-row-inner\"><div class=\"x-col e684-e9 mj0-n mj0-p mj0-q\"><div class=\"x-div e684-e10 mj0-u mj0-v mj0-10 mj0-11\"><div class=\"x-text x-text-headline e684-e11 mj0-16 mj0-17\"><div class=\"x-text-content\"><div class=\"x-text-content-text\"><h1 class=\"x-text-content-text-primary\">Derechos humanos<\/h1>\n<\/div><\/div><\/div><div class=\"x-text x-content e684-e12 mj0-18 mj0-19\"><p style=\"font-weight: 400;\">De acuerdo con los Principios Rectores de las Naciones Unidas sobre Empresas y Derechos Humanos, las empresas deben respetar los derechos humanos y buscar prevenir o mitigar los posibles problemas de derechos humanos que puedan ser causados directamente por los proyectos u operaciones de una empresa, o por los socios y proveedores del proyecto. Seg\u00fan la Norma de Desempe\u00f1o 1 del IFC (Corporaci\u00f3n Financiera Internacional), \"cada una de las Normas de Desempe\u00f1o del IFC tiene elementos relacionados con dimensiones de derechos humanos que un proyecto puede enfrentar en el curso de sus operaciones. La debida diligencia conforme a estas Normas de Desempe\u00f1o permite a las empresas abordar muchos problemas relevantes de derechos humanos en su proyecto\". Los Principios Rectores de la ONU, las Normas de Desempe\u00f1o del IFC y varios est\u00e1ndares de la Organizaci\u00f3n Internacional del Trabajo (OIT) son el referente para guiar a las empresas en asegurar el respeto por los derechos humanos.<\/p>\n<p style=\"font-weight: 400;\">Mexico Pacific se compromete a respetar los derechos humanos en todas nuestras actividades y a cumplir con las leyes nacionales y los est\u00e1ndares internacionalmente reconocidos de derechos humanos, incluida la Declaraci\u00f3n Universal de Derechos Humanos, los principios establecidos en las convenciones fundamentales de la Organizaci\u00f3n Internacional del Trabajo y los Principios Rectores de las Naciones Unidas sobre Empresas y Derechos Humanos (UNGP).<\/p>\n\n<div><span lang=\"EN-US\">Nuestro compromiso se articula adem\u00e1s en nuestra <a href=\"https:\/\/mexicopacific.com\/wp-content\/uploads\/2024\/12\/MP-0000-MPL-GR-POL-00002_Rev_1__Human_Rights-for-website.pdf\" target=\"_blank\" data-wplink-edit=\"true\">Pol\u00edtica de Derechos Humanos<\/a><\/span>.<\/div><\/div><\/div><\/div><\/div><\/div><div class=\"x-row e684-e13 mj0-6 mj0-7 mj0-8 mj0-9 mj0-e mj0-h mj0-j\"><div class=\"x-row-inner\"><div class=\"x-col e684-e14 mj0-n mj0-o mj0-r\"><div class=\"x-bg\" aria-hidden=\"true\"><div class=\"x-bg-layer-upper-image\" style=\" background-image: url(https:\/\/mexicopacific.com\/wp-content\/uploads\/2024\/12\/humans-rights.png); background-repeat: no-repeat; background-position: top center; background-size: cover;\"><\/div><\/div><div class=\"x-div e684-e15 mj0-u mj0-v mj0-x mj0-z mj0-10 mj0-12 blueg-rt\"><\/div><\/div><div class=\"x-col e684-e16 mj0-n mj0-q mj0-s\"><div class=\"x-div e684-e17 mj0-u mj0-v mj0-10 mj0-11\"><div class=\"x-text x-content e684-e18 mj0-18 mj0-19\"><p style=\"font-weight: 400;\">M\u00e9xico Pacific llev\u00f3 a cabo un estudio voluntario de Derechos Humanos que complementa el proceso de identificaci\u00f3n de riesgos e impactos ambientales y sociales (E&amp;S) conforme a la regulaci\u00f3n mexicana y el proceso de obtenci\u00f3n de permisos. Los objetivos de la Evaluaci\u00f3n de Impacto en Derechos Humanos (HRIA, por sus siglas en ingl\u00e9s) fueron los siguientes:<\/p><\/div><ul class=\"x-row e684-e19 mj0-6 mj0-9 mj0-a mj0-c mj0-f mj0-k\"><div class=\"x-row-inner\"><li class=\"x-col e684-e20 mj0-l mj0-n mj0-o mj0-t\"><figure class=\"x-div e684-e21 mj0-u mj0-v mj0-10 mj0-13\"><i class=\"x-icon e684-e22 mj0-1b\" aria-hidden=\"true\" data-x-icon-s=\"&#xf45c;\"><\/i><\/figure><div class=\"x-div e684-e23 mj0-v mj0-z mj0-10 mj0-14 mj0-4 mj0-5 x-effect-exit\" data-x-effect=\"{&quot;scroll&quot;:true,&quot;offsetTop&quot;:&quot;10%&quot;,&quot;offsetBottom&quot;:&quot;15%&quot;,&quot;behaviorScroll&quot;:&quot;fire-once&quot;}\"><div class=\"x-text x-content e684-e24 mj0-19 mj0-1a\"><div><span lang=\"EN\">Evaluar el contexto actual para identificar riesgos e impactos reales o potenciales en materia de Derechos Humanos relevantes para el Proyecto, tanto internamente como en la comunidad local m\u00e1s amplia donde se llevan a cabo las operaciones.<\/span><\/div><\/div><\/div><\/li><li class=\"x-col e684-e25 mj0-l mj0-n mj0-o mj0-t\"><figure class=\"x-div e684-e26 mj0-u mj0-v mj0-10 mj0-13\"><i class=\"x-icon e684-e27 mj0-1b\" aria-hidden=\"true\" data-x-icon-s=\"&#xf45c;\"><\/i><\/figure><div class=\"x-div e684-e28 mj0-v mj0-z mj0-10 mj0-14 mj0-4 mj0-5 x-effect-exit\" data-x-effect=\"{&quot;scroll&quot;:true,&quot;offsetTop&quot;:&quot;10%&quot;,&quot;offsetBottom&quot;:&quot;15%&quot;,&quot;behaviorScroll&quot;:&quot;fire-once&quot;}\"><div class=\"x-text x-content e684-e29 mj0-19 mj0-1a\"><div><span lang=\"EN\">Bas\u00e1ndose en las necesidades identificadas, implementar estrategias internas espec\u00edficas para permitir acciones correctivas adecuadas que gestionen los riesgos potenciales de Derechos Humanos identificados durante esta fase inicial del Proyecto.<\/span><\/div><\/div><\/div><\/li><li class=\"x-col e684-e30 mj0-l mj0-n mj0-o mj0-t\"><figure class=\"x-div e684-e31 mj0-u mj0-v mj0-10 mj0-13\"><i class=\"x-icon e684-e32 mj0-1b\" aria-hidden=\"true\" data-x-icon-s=\"&#xf45c;\"><\/i><\/figure><div class=\"x-div e684-e33 mj0-v mj0-z mj0-10 mj0-14 mj0-4 mj0-5 x-effect-exit\" data-x-effect=\"{&quot;scroll&quot;:true,&quot;offsetTop&quot;:&quot;10%&quot;,&quot;offsetBottom&quot;:&quot;15%&quot;,&quot;behaviorScroll&quot;:&quot;fire-once&quot;}\"><div class=\"x-text x-content e684-e34 mj0-19 mj0-1a\"><p style=\"font-weight: 400;\">Garantizar y fomentar que se lleve a cabo la comunicaci\u00f3n con las partes interesadas sobre c\u00f3mo se abordar\u00e1n los problemas a medida que avance el Proyecto y en todas las etapas.<\/p><\/div><\/div><\/li><li class=\"x-col e684-e35 mj0-l mj0-n mj0-o mj0-t\"><figure class=\"x-div e684-e36 mj0-u mj0-v mj0-10 mj0-13\"><i class=\"x-icon e684-e37 mj0-1b\" aria-hidden=\"true\" data-x-icon-s=\"&#xf45c;\"><\/i><\/figure><div class=\"x-div e684-e38 mj0-v mj0-z mj0-10 mj0-14 mj0-4 mj0-5 x-effect-exit\" data-x-effect=\"{&quot;scroll&quot;:true,&quot;offsetTop&quot;:&quot;10%&quot;,&quot;offsetBottom&quot;:&quot;15%&quot;,&quot;behaviorScroll&quot;:&quot;fire-once&quot;}\"><div class=\"x-text x-content e684-e39 mj0-19 mj0-1a\"><p style=\"font-weight: 400;\">Asegurar que exista un mecanismo interno y externo de quejas que permita a los empleados del Proyecto, as\u00ed como a personas de la comunidad local, proporcionar retroalimentaci\u00f3n, compartir preocupaciones y, cuando corresponda, buscar recurso y remedio.<\/p><\/div><\/div><\/li><\/div><\/ul><\/div><\/div><\/div><\/div><\/div><\/div>","protected":false},"excerpt":{"rendered":"<p>Human rights Human rights In accordance with the UN Guiding Principles on Business and Human Rights, companies should respect Human Rights and seek to prevent or mitigate potential Human Rights issues that may be caused directly by a company\u2019s projects or operations, or by project partners and suppliers. According to IFC Performance Standard 1, \u201ceach of the IFC Performance Standards &#8230;<\/p>","protected":false},"author":4,"featured_media":0,"parent":0,"menu_order":0,"comment_status":"closed","ping_status":"closed","template":"template-blank-4.php","meta":{"footnotes":""},"class_list":["post-684","page","type-page","status-publish","format-standard","hentry","no-post-thumbnail"],"featured_image_src":null,"featured_image_src_square":null,"_links":{"self":[{"href":"https:\/\/mexicopacific.com\/esp\/wp-json\/wp\/v2\/pages\/684","targetHints":{"allow":["GET"]}}],"collection":[{"href":"https:\/\/mexicopacific.com\/esp\/wp-json\/wp\/v2\/pages"}],"about":[{"href":"https:\/\/mexicopacific.com\/esp\/wp-json\/wp\/v2\/types\/page"}],"author":[{"embeddable":true,"href":"https:\/\/mexicopacific.com\/esp\/wp-json\/wp\/v2\/users\/4"}],"replies":[{"embeddable":true,"href":"https:\/\/mexicopacific.com\/esp\/wp-json\/wp\/v2\/comments?post=684"}],"version-history":[{"count":0,"href":"https:\/\/mexicopacific.com\/esp\/wp-json\/wp\/v2\/pages\/684\/revisions"}],"wp:attachment":[{"href":"https:\/\/mexicopacific.com\/esp\/wp-json\/wp\/v2\/media?parent=684"}],"curies":[{"name":"wp","href":"https:\/\/api.w.org\/{rel}","templated":true}]}}