{"id":651,"date":"2024-09-24T13:50:32","date_gmt":"2024-09-24T19:50:32","guid":{"rendered":"https:\/\/mexicopacific.com\/?page_id=651"},"modified":"2025-01-21T17:10:57","modified_gmt":"2025-01-21T23:10:57","slug":"customers","status":"publish","type":"page","link":"https:\/\/mexicopacific.com\/esp\/customers\/","title":{"rendered":"Clientes"},"content":{"rendered":"<div id=\"cs-content\" class=\"cs-content\"><div class=\"x-section e651-e1 mi3-0\"><div class=\"x-row x-container max width e651-e2 mi3-1 mi3-2 mi3-4\"><div class=\"x-row-inner\"><div class=\"x-col e651-e3 mi3-6 mi3-7 mi3-8\"><div class=\"x-bg\" aria-hidden=\"true\"><div class=\"x-bg-layer-lower-image\" style=\" background-image: url(https:\/\/mexicopacific.com\/wp-content\/uploads\/2024\/09\/Customers-scaled.jpg); background-repeat: no-repeat; background-position: right center; background-size: cover;\"><\/div><\/div><\/div><div class=\"x-col e651-e4 mi3-6 mi3-7 mi3-9\"><div class=\"x-row e651-e5 mi3-1 mi3-3 mi3-5\"><div class=\"x-row-inner\"><div class=\"x-col e651-e6 mi3-6 mi3-a\"><div class=\"x-text x-text-headline e651-e7 mi3-b\"><div class=\"x-text-content\"><div class=\"x-text-content-text\"><h1 class=\"x-text-content-text-primary\">Clientes \u00fanicos<\/h1>\n<\/div><\/div><\/div><div class=\"x-text x-content e651-e8 mi3-c\"><p style=\"font-weight: 400;\">Una s\u00f3lida validaci\u00f3n de los fundamentos del proyecto, Saguaro Energ\u00eda LNG est\u00e1 respaldada por algunas de las empresas de GNL y gas natural m\u00e1s grandes del mundo y de EE. UU.: ExxonMobil, Shell, ConocoPhillips, Woodside, POSCO International, Guangzhou Gas y Zhejiang Energy. Es el primer proyecto que est\u00e1 respaldado de manera independiente por tres supermajors.<\/p><\/div><span class=\"x-image e651-e9 mi3-d\"><img decoding=\"async\" src=\"https:\/\/mexicopacific.com\/wp-content\/uploads\/2024\/09\/customers-logos-1.jpg\" width=\"533\" height=\"207\" alt=\"Image\" loading=\"lazy\"><\/span><\/div><\/div><\/div><\/div><\/div><\/div><\/div><\/div>","protected":false},"excerpt":{"rendered":"<p>First-of-a-kind customer base A strong validation of the project\u2019s fundamentals, Saguaro Energ\u00eda LNG is anchored by some of the largest global LNG and U.S. natural gas companies: ExxonMobil, Shell, ConocoPhillips, Woodside, POSCO International, Guangzhou Gas, and Zhejiang Energy. It is the first project to be independently anchored by three supermajors.<\/p>","protected":false},"author":4,"featured_media":0,"parent":0,"menu_order":0,"comment_status":"closed","ping_status":"closed","template":"template-blank-4.php","meta":{"footnotes":""},"class_list":["post-651","page","type-page","status-publish","format-standard","hentry","no-post-thumbnail"],"featured_image_src":null,"featured_image_src_square":null,"_links":{"self":[{"href":"https:\/\/mexicopacific.com\/esp\/wp-json\/wp\/v2\/pages\/651","targetHints":{"allow":["GET"]}}],"collection":[{"href":"https:\/\/mexicopacific.com\/esp\/wp-json\/wp\/v2\/pages"}],"about":[{"href":"https:\/\/mexicopacific.com\/esp\/wp-json\/wp\/v2\/types\/page"}],"author":[{"embeddable":true,"href":"https:\/\/mexicopacific.com\/esp\/wp-json\/wp\/v2\/users\/4"}],"replies":[{"embeddable":true,"href":"https:\/\/mexicopacific.com\/esp\/wp-json\/wp\/v2\/comments?post=651"}],"version-history":[{"count":0,"href":"https:\/\/mexicopacific.com\/esp\/wp-json\/wp\/v2\/pages\/651\/revisions"}],"wp:attachment":[{"href":"https:\/\/mexicopacific.com\/esp\/wp-json\/wp\/v2\/media?parent=651"}],"curies":[{"name":"wp","href":"https:\/\/api.w.org\/{rel}","templated":true}]}}