{"id":416,"date":"2023-07-11T17:09:36","date_gmt":"2023-07-11T23:09:36","guid":{"rendered":"https:\/\/mexicopacific.com\/esg\/social-copy\/"},"modified":"2025-01-21T17:10:27","modified_gmt":"2025-01-21T23:10:27","slug":"diversity-equity-inclusion","status":"publish","type":"page","link":"https:\/\/mexicopacific.com\/esp\/diversity-equity-inclusion\/","title":{"rendered":"Diversidad, Equidad e Inclusi\u00f3n"},"content":{"rendered":"<div id=\"cs-content\" class=\"cs-content\"><div class=\"x-section e416-e1 mbk-0\"><div class=\"x-row e416-e2 mbk-1 mbk-2\"><div class=\"x-row-inner\"><div class=\"x-col e416-e3 mbk-3 mbk-4\"><div class=\"x-div e416-e4 mbk-6 mbk-7\"><div class=\"x-text x-text-headline e416-e5 mbk-9 mbk-a\"><div class=\"x-text-content\"><div class=\"x-text-content-text\"><h1 class=\"x-text-content-text-primary\">Pr\u00e1cticas justas para todos<\/h1>\n<\/div><\/div><\/div><div class=\"x-text x-text-headline e416-e6 mbk-a mbk-b\"><div class=\"x-text-content\"><div class=\"x-text-content-text\"><h1 class=\"x-text-content-text-primary\">La diversidad, equidad, inclusi\u00f3n y respeto por los derechos humanos son parte del ADN de Mexico Pacific. Nuestra cultura organizacional ha sido desarrollada intencionalmente a trav\u00e9s de m\u00faltiples culturas, g\u00e9neros y ubicaciones geogr\u00e1ficas.<\/h1>\n<\/div><\/div><\/div><div class=\"x-text x-content e416-e7 mbk-c\"><p style=\"font-weight: 400;\"><span>Nuestra gente es el activo m\u00e1s valioso que tenemos. La suma colectiva de perspectivas individuales, experiencias, conocimientos, capacidades \u00fanicas y talento que nuestros empleados representan e invierten en su trabajo refleja una parte significativa no solo de nuestra cultura, sino tambi\u00e9n de la reputaci\u00f3n de nuestra empresa.<\/span><\/p>\n<p>Nuestros planes de reclutamiento incluyen la selecci\u00f3n estrat\u00e9gica de talentos excepcionales que se enfocan en la diversidad de g\u00e9nero y or\u00edgenes culturales.<\/p>\n<p>M\u00e9xico Pacific acoge y alienta las diferencias de nuestros empleados en edad, color, discapacidad, etnia, estado familiar o marital, identidad o expresi\u00f3n de g\u00e9nero, idioma, origen nacional, habilidades f\u00edsicas y mentales, afiliaci\u00f3n pol\u00edtica, raza, religi\u00f3n, orientaci\u00f3n sexual, estatus socioecon\u00f3mico, condici\u00f3n de veterano y otras caracter\u00edsticas que hacen \u00fanicos a nuestros empleados.<\/p>\n<p>Nuestra estrategia de cadena de suministro tambi\u00e9n incluye una revisi\u00f3n y requisitos para nuestros proveedores de que nuestros materiales y equipos no provienen de fuerzas laborales que sufren de salarios injustos, condiciones de trabajo precarias, jornadas laborales excesivas, trabajo infantil o falta de beneficios.<\/p><\/div><\/div><\/div><div class=\"x-col e416-e8 mbk-3 mbk-5\"><div class=\"x-bg\" aria-hidden=\"true\"><div class=\"x-bg-layer-upper-image\" style=\" background-image: url(https:\/\/mexicopacific.com\/wp-content\/uploads\/2022\/07\/esg-team.jpg); background-repeat: no-repeat; background-position: center; background-size: cover;\"><\/div><\/div><div class=\"x-div e416-e9 mbk-6 mbk-8 aqua2g-lb\"><\/div><\/div><\/div><\/div><\/div><\/div>","protected":false},"excerpt":{"rendered":"<p>Fair Practices for All Diversity, equity, inclusion and respect for human rights are a part of Mexico Pacific\u2019s DNA. Our organization has been intentionally developed across multiple cultures, genders and geographical locations. Our people are the most valuable assets we have. The collective sum of individual perspectives, experiences, knowledge, unique capabilities, and talent that our employees represent and invest in &#8230;<\/p>","protected":false},"author":4,"featured_media":0,"parent":0,"menu_order":0,"comment_status":"closed","ping_status":"closed","template":"template-blank-4.php","meta":{"footnotes":""},"class_list":["post-416","page","type-page","status-publish","format-standard","hentry","no-post-thumbnail"],"featured_image_src":null,"featured_image_src_square":null,"_links":{"self":[{"href":"https:\/\/mexicopacific.com\/esp\/wp-json\/wp\/v2\/pages\/416","targetHints":{"allow":["GET"]}}],"collection":[{"href":"https:\/\/mexicopacific.com\/esp\/wp-json\/wp\/v2\/pages"}],"about":[{"href":"https:\/\/mexicopacific.com\/esp\/wp-json\/wp\/v2\/types\/page"}],"author":[{"embeddable":true,"href":"https:\/\/mexicopacific.com\/esp\/wp-json\/wp\/v2\/users\/4"}],"replies":[{"embeddable":true,"href":"https:\/\/mexicopacific.com\/esp\/wp-json\/wp\/v2\/comments?post=416"}],"version-history":[{"count":0,"href":"https:\/\/mexicopacific.com\/esp\/wp-json\/wp\/v2\/pages\/416\/revisions"}],"wp:attachment":[{"href":"https:\/\/mexicopacific.com\/esp\/wp-json\/wp\/v2\/media?parent=416"}],"curies":[{"name":"wp","href":"https:\/\/api.w.org\/{rel}","templated":true}]}}