{"id":29,"date":"2022-06-15T17:58:37","date_gmt":"2022-06-15T17:58:37","guid":{"rendered":"https:\/\/saguaroenergia.com\/?page_id=29"},"modified":"2025-01-21T17:09:44","modified_gmt":"2025-01-21T23:09:44","slug":"about","status":"publish","type":"page","link":"https:\/\/mexicopacific.com\/esp\/about\/","title":{"rendered":"Nosotros"},"content":{"rendered":"<div id=\"cs-content\" class=\"cs-content\"><div class=\"x-section e29-e1 mt-0 mt-1 mt-2 mt-3\"><div class=\"x-row e29-e2 mt-a mt-b mt-c mt-d mt-e mt-i mt-j\"><div class=\"x-row-inner\"><div class=\"x-col e29-e3 mt-q mt-r mt-s mt-t\"><div class=\"x-bg\" aria-hidden=\"true\"><div class=\"x-bg-layer-lower-image\" data-x-element-bg-layer=\"{&quot;parallaxSize&quot;:&quot;150%&quot;,&quot;parallaxDir&quot;:&quot;v&quot;,&quot;parallaxRev&quot;:false}\" style=\" background-image: url(https:\/\/mexicopacific.com\/wp-content\/uploads\/2024\/09\/about-banner-e1726081639433.jpg); background-repeat: no-repeat; background-position: center right; background-size: cover;\"><\/div><\/div><div class=\"x-div e29-e4 mt-10 mt-11 mt-12 back\"><div class=\"x-text x-text-headline e29-e5 mt-19 mt-1a mt-1b mt-1c\"><div class=\"x-text-content\"><div class=\"x-text-content-text\"><h1 class=\"x-text-content-text-primary\">Nosotros<\/h1>\n<\/div><\/div><\/div><\/div><div class=\"x-div e29-e6 mt-10 mt-13 mt-14 mt-15 mt-9 .efecto x-effect-exit\" data-x-effect=\"{&quot;scroll&quot;:true,&quot;offsetTop&quot;:&quot;10%&quot;,&quot;offsetBottom&quot;:&quot;10%&quot;,&quot;behaviorScroll&quot;:&quot;fire-once&quot;,&quot;animationEnter&quot;:&quot;pulse&quot;,&quot;animationExit&quot;:&quot;swing&quot;}\"><div class=\"x-bg\" aria-hidden=\"true\"><div class=\"x-bg-layer-lower-image\" data-x-element-bg-layer=\"{&quot;parallaxSize&quot;:&quot;120%&quot;,&quot;parallaxDir&quot;:&quot;h&quot;,&quot;parallaxRev&quot;:false}\" style=\" background-image: url(https:\/\/mexicopacific.com\/wp-content\/uploads\/2024\/09\/textura-1.png); background-repeat: no-repeat; background-position: top center; background-size: cover;\"><\/div><\/div><\/div><\/div><\/div><\/div><\/div><div class=\"x-section e29-e7 mt-1 mt-2 mt-4 mt-5 mt-6\"><div class=\"x-row e29-e8 mt-b mt-c mt-f mt-g mt-k mt-l\"><div class=\"x-row-inner\"><div class=\"x-col e29-e9 mt-s mt-t\"><div class=\"x-bg\" aria-hidden=\"true\"><div class=\"x-bg-layer-upper-image\" style=\" background-image: url(https:\/\/mexicopacific.com\/wp-content\/uploads\/2024\/09\/about-2.jpg); background-repeat: no-repeat; background-position: center; background-size: cover;\"><\/div><\/div><\/div><div class=\"x-col e29-e10 mt-s mt-t\"><div class=\"x-bg\" aria-hidden=\"true\"><div class=\"x-bg-layer-lower-image\" style=\" background-image: url(https:\/\/mexicopacific.com\/wp-content\/uploads\/2023\/10\/home2.jpg); background-repeat: no-repeat; background-position: center left; background-size: cover;\"><\/div><\/div><\/div><div class=\"x-col e29-e11 mt-s mt-u\"><div class=\"x-text x-text-headline e29-e12 mt-1a mt-1d mt-1e mt-1f\"><div class=\"x-text-content\"><div class=\"x-text-content-text\"><h1 class=\"x-text-content-text-primary\">Mexico Pacific est\u00e1 desarrollando la planta de GNL Saguaro Energ\u00eda y el gasoducto asociado Sierra Madre. Estos proyectos constituyen la mayor inversi\u00f3n privada en M\u00e9xico y, juntos, forman un pilar fundamental del Plan Sonora que promueve el desarrollo de energ\u00edas limpias, la inversi\u00f3n y la prosperidad econ\u00f3mica para la regi\u00f3n.<\/h1>\n<\/div><\/div><\/div><div class=\"x-text x-text-headline e29-e13 mt-1a mt-1d mt-1e mt-1f\"><div class=\"x-text-content\"><div class=\"x-text-content-text\"><h1 class=\"x-text-content-text-primary\">Con tres trenes de licuefacci\u00f3n comercialmente contratados, un fuerte apoyo de los gobiernos y los mercados de capital, y los principales permisos federales, estatales y municipales en vigor tanto para la instalaci\u00f3n de GNL como para el gasoducto, M\u00e9xico Pacific est\u00e1 posicionando el proyecto para una decisi\u00f3n final de inversi\u00f3n (FID) positiva.<\/h1>\n<\/div><\/div><\/div><\/div><\/div><\/div><\/div><div class=\"x-section e29-e14 mt-1 mt-5 mt-6 mt-7 mt-8\"><div class=\"x-row x-container max width e29-e15 mt-b mt-c mt-d mt-e mt-i mt-m\"><div class=\"x-row-inner\"><div class=\"x-col e29-e16 mt-s mt-t mt-v\"><div class=\"x-text x-text-headline e29-e17 mt-1a mt-1c mt-1e mt-1g mt-1h mt-1i mt-1j\"><div class=\"x-text-content\"><div class=\"x-text-content-text\"><h1 class=\"x-text-content-text-primary\">Estamos avanzando en la transici\u00f3n energ\u00e9tica global al proporcionar GNL para facilitar el cambio de carb\u00f3n a gas en Asia, promoviendo la seguridad energ\u00e9tica global y liderando el camino hacia un futuro m\u00e1s cercano y sostenible.<\/h1>\n<\/div><\/div><\/div><\/div><\/div><\/div><div class=\"x-row x-container max width e29-e18 mt-b mt-c mt-d mt-e mt-i mt-n\"><div class=\"x-row-inner\"><div class=\"x-col e29-e19 mt-s mt-w\"><div class=\"x-text x-text-headline e29-e20 mt-19 mt-1a mt-1c mt-1e mt-1i mt-1k\"><div class=\"x-text-content\"><div class=\"x-text-content-text\"><h1 class=\"x-text-content-text-primary\">Nuestro compromiso<\/h1>\n<\/div><\/div><\/div><div class=\"x-text x-content e29-e21 mt-1n mt-1o\">Mexico Pacific est\u00e1 comprometido a ofrecer infraestructura de clase mundial para fortalecer la seguridad energ\u00e9tica global, reducir las emisiones y mejorar la vida de millones de personas en todo el mundo.<\/div><div class=\"x-text x-text-headline e29-e22 mt-19 mt-1a mt-1c mt-1e mt-1i mt-1k\"><div class=\"x-text-content\"><div class=\"x-text-content-text\"><h1 class=\"x-text-content-text-primary\">La pr\u00f3xima generaci\u00f3n de GNL en Norteam\u00e9rica\n<\/h1>\n<\/div><\/div><\/div><div class=\"x-text x-content e29-e23 mt-1n mt-1o\"><p>Saguaro Energ\u00eda es nuestro proyecto principal, una instalaci\u00f3n de exportaci\u00f3n de GNL de 15 millones de toneladas por a\u00f1o (MTPA), estrat\u00e9gicamente ubicada en la costa oeste de M\u00e9xico, en Puerto Libertad, Sonora, a unos 200 km al sur de la frontera con Estados Unidos.<\/p><\/div><\/div><div class=\"x-col e29-e24 mt-s mt-t\"><div class=\"x-bg\" aria-hidden=\"true\"><div class=\"x-bg-layer-lower-image\" style=\" background-image: url(https:\/\/mexicopacific.com\/wp-content\/uploads\/2024\/09\/home-slide2-e1726252239112.jpg); background-repeat: no-repeat; background-position: center; background-size: cover;\"><\/div><\/div><div class=\"x-div e29-e25 mt-10 mt-13 mt-15 mt-16 aqua1g-lt\"><\/div><\/div><\/div><\/div><\/div><section class=\"x-section e29-e26 mt-1 mt-2 mt-3 mt-5 mt-7\"><div class=\"x-bg\" aria-hidden=\"true\"><div class=\"x-bg-layer-upper-image\" data-x-element-bg-layer=\"{&quot;parallaxSize&quot;:&quot;150%&quot;,&quot;parallaxDir&quot;:&quot;v&quot;,&quot;parallaxRev&quot;:false}\" style=\" background-image: url(https:\/\/mexicopacific.com\/wp-content\/uploads\/2024\/09\/large-scale.jpg); background-repeat: no-repeat; background-position: center; background-size: cover;\"><\/div><\/div><div class=\"x-row x-container max width e29-e27 mt-b mt-c mt-d mt-e mt-i mt-o\"><div class=\"x-row-inner\"><div class=\"x-col e29-e28 mt-q mt-s mt-t mt-x\"><div class=\"x-div e29-e29 mt-10 mt-12 mt-17\"><div class=\"x-text x-text-headline e29-e30 mt-1a mt-1c mt-1f mt-1h mt-1l mt-1m\"><div class=\"x-text-content\"><div class=\"x-text-content-text\"><h1 class=\"x-text-content-text-primary\">Modelo para el desarrollo adecuado de infraestructura a gran escala en Norteam\u00e9rica<\/h1>\n<\/div><\/div><\/div><div class=\"x-text x-content e29-e31 mt-1o mt-1p\"><p style=\"font-weight: 400;\">Alineado con las prioridades econ\u00f3micas, ambientales y sociales de M\u00e9xico, tales como:<\/p><\/div><ul id=\"\" class=\"x-ul-icons icon-list\" style=\"\" ><li id=\"\" class=\"x-li-icon\" style=\"\" ><i class=\"x-icon-square-full\" aria-hidden=\"true\" style=\"color: rgb(142, 211, 0);\" data-x-icon-s=\"&#xf45c;\" ><\/i>dise\u00f1o consciente de gasoductos, terminales y rutas de env\u00edo, evitando centros poblacionales, comunidades ind\u00edgenas y \u00e1reas protegidas ambientalmente;<\/li><li id=\"\" class=\"x-li-icon\" style=\"\" ><i class=\"x-icon-square-full\" aria-hidden=\"true\" style=\"color: rgb(142, 211, 0);\" data-x-icon-s=\"&#xf45c;\" ><\/i>compromisos a largo plazo con las comunidades, con inversiones sociales sin precedentes y rigurosas evaluaciones sociales y ambientales ya completadas; y<\/li><li id=\"\" class=\"x-li-icon\" style=\"\" ><i class=\"x-icon-square-full\" aria-hidden=\"true\" style=\"color: rgb(142, 211, 0);\" data-x-icon-s=\"&#xf45c;\" ><\/i>desarrollo de una fuerza laboral calificada a trav\u00e9s de programas de capacitaci\u00f3n y aprendizaje.<\/li><\/ul><\/div><\/div><\/div><\/div><div class=\"x-div e29-e36 mt-10 mt-13 mt-15 mt-16 aqua1g-lt\"><\/div><\/section><div class=\"x-section e29-e37 mt-1 mt-2 mt-5 mt-6 mt-7\"><div class=\"x-row e29-e38 mt-b mt-d mt-g mt-h mt-k mt-p\"><div class=\"x-row-inner\"><div class=\"x-col e29-e39 mt-s mt-y\"><div class=\"x-div e29-e40 mt-10 mt-15 mt-18\"><div class=\"x-text x-text-headline e29-e41 mt-1a mt-1c mt-1e mt-1h mt-1j mt-1l\"><div class=\"x-text-content\"><div class=\"x-text-content-text\"><h2 class=\"x-text-content-text-primary\"><strong>Una ubicaci\u00f3n inigualable<\/strong><\/h2>\n<\/div><\/div><\/div><div class=\"x-text x-content e29-e42 mt-1o mt-1p\"><p style=\"font-weight: 400;\">La ubicaci\u00f3n estrat\u00e9gica del sitio ofrece:<\/p><\/div><ul id=\"\" class=\"x-ul-icons icon-list\" style=\"\" ><li id=\"\" class=\"x-li-icon\" style=\"\" ><i class=\"x-icon-square-full\" aria-hidden=\"true\" style=\"color: rgb(142, 211, 0);\" data-x-icon-s=\"&#xf45c;\" ><\/i>acceso a gas natural abundante y de bajo costo en la cercana Cuenca P\u00e9rmica de EE. UU.;<\/li><li id=\"\" class=\"x-li-icon\" style=\"\" ><i class=\"x-icon-square-full\" aria-hidden=\"true\" style=\"color: rgb(142, 211, 0);\" data-x-icon-s=\"&#xf45c;\" ><\/i>capacidad firme de gasoducto con redundancia disponible a trav\u00e9s de m\u00faltiples rutas alternativas;<\/li><li id=\"\" class=\"x-li-icon\" style=\"\" ><i class=\"x-icon-square-full\" aria-hidden=\"true\" style=\"color: rgb(142, 211, 0);\" data-x-icon-s=\"&#xf45c;\" ><\/i>tr\u00e1nsito mar\u00edtimo eficiente hacia Asia, evitando el Canal de Panam\u00e1;<\/li><li id=\"\" class=\"x-li-icon\" style=\"\" ><i class=\"x-icon-square-full\" aria-hidden=\"true\" style=\"color: rgb(142, 211, 0);\" data-x-icon-s=\"&#xf45c;\" ><\/i>un puerto dedicado sin congesti\u00f3n y libre de eventos clim\u00e1ticos de alto riesgo.<\/li><\/ul><\/div><\/div><div class=\"x-col e29-e48 mt-s mt-t mt-z\"><div class=\"x-bg\" aria-hidden=\"true\"><div class=\"x-bg-layer-upper-image\" style=\" background-image: url(https:\/\/mexicopacific.com\/wp-content\/uploads\/2024\/09\/mundo-mexico-e1726080543125.jpg); background-repeat: no-repeat; background-position: center; background-size: cover;\"><\/div><\/div><div class=\"x-div e29-e49 mt-10 mt-13 mt-15 mt-16 aqua1g-lt\"><\/div><\/div><\/div><\/div><\/div><\/div>","protected":false},"excerpt":{"rendered":"<p>About Us Mexico Pacific is developing the Saguaro Energia LNG Facility and the associated Sierra Madre Pipeline. These developments comprise the largest private investment in Mexico and, together, form a foundational pillar of the Sonora Plan that promotes clean energy development, investment, and economic prosperity for the region. With three liquefaction trains commercially contracted, strong support from governments and capital &#8230;<\/p>","protected":false},"author":4,"featured_media":0,"parent":0,"menu_order":0,"comment_status":"closed","ping_status":"closed","template":"template-blank-4.php","meta":{"footnotes":""},"class_list":["post-29","page","type-page","status-publish","format-standard","hentry","no-post-thumbnail"],"featured_image_src":null,"featured_image_src_square":null,"_links":{"self":[{"href":"https:\/\/mexicopacific.com\/esp\/wp-json\/wp\/v2\/pages\/29","targetHints":{"allow":["GET"]}}],"collection":[{"href":"https:\/\/mexicopacific.com\/esp\/wp-json\/wp\/v2\/pages"}],"about":[{"href":"https:\/\/mexicopacific.com\/esp\/wp-json\/wp\/v2\/types\/page"}],"author":[{"embeddable":true,"href":"https:\/\/mexicopacific.com\/esp\/wp-json\/wp\/v2\/users\/4"}],"replies":[{"embeddable":true,"href":"https:\/\/mexicopacific.com\/esp\/wp-json\/wp\/v2\/comments?post=29"}],"version-history":[{"count":0,"href":"https:\/\/mexicopacific.com\/esp\/wp-json\/wp\/v2\/pages\/29\/revisions"}],"wp:attachment":[{"href":"https:\/\/mexicopacific.com\/esp\/wp-json\/wp\/v2\/media?parent=29"}],"curies":[{"name":"wp","href":"https:\/\/api.w.org\/{rel}","templated":true}]}}