{"id":119,"date":"2022-06-24T16:14:45","date_gmt":"2022-06-24T16:14:45","guid":{"rendered":"https:\/\/saguaroenergia.com\/?page_id=119"},"modified":"2025-01-21T17:13:40","modified_gmt":"2025-01-21T23:13:40","slug":"strategic-partners","status":"publish","type":"page","link":"https:\/\/mexicopacific.com\/esp\/strategic-partners\/","title":{"rendered":"Socios estrat\u00e9gicos"},"content":{"rendered":"<div id=\"cs-content\" class=\"cs-content\"><div class=\"x-section e119-e1 m3b-0 m3b-1\"><div class=\"x-row e119-e2 m3b-4 m3b-5 m3b-6 m3b-8 m3b-9\"><div class=\"x-row-inner\"><div class=\"x-col e119-e3 m3b-j m3b-k m3b-l m3b-m m3b-n\"><div class=\"x-bg\" aria-hidden=\"true\"><div class=\"x-bg-layer-upper-image\" data-x-element-bg-layer=\"{&quot;parallaxSize&quot;:&quot;120%&quot;,&quot;parallaxDir&quot;:&quot;v&quot;,&quot;parallaxRev&quot;:false}\"><\/div><\/div><div class=\"x-div e119-e4 m3b-q m3b-r back\"><div class=\"x-text x-text-headline e119-e5 m3b-t\"><div class=\"x-text-content\"><div class=\"x-text-content-text\"><h1 class=\"x-text-content-text-primary\">Socios estrat\u00e9gicos<\/h1>\n<\/div><\/div><\/div><\/div><div class=\"x-div e119-e6 m3b-q m3b-s m3b-3 .efecto x-effect-exit\" data-x-effect=\"{&quot;scroll&quot;:true,&quot;offsetTop&quot;:&quot;10%&quot;,&quot;offsetBottom&quot;:&quot;10%&quot;,&quot;behaviorScroll&quot;:&quot;fire-once&quot;,&quot;animationEnter&quot;:&quot;pulse&quot;,&quot;animationExit&quot;:&quot;swing&quot;}\"><div class=\"x-bg\" aria-hidden=\"true\"><div class=\"x-bg-layer-lower-image\" data-x-element-bg-layer=\"{&quot;parallaxSize&quot;:&quot;120%&quot;,&quot;parallaxDir&quot;:&quot;h&quot;,&quot;parallaxRev&quot;:false}\"><\/div><\/div><\/div><\/div><\/div><\/div><\/div><div class=\"x-section e119-e7 m3b-0 m3b-2\"><div class=\"x-row x-container max width e119-e8 m3b-4 m3b-6 m3b-8 m3b-a\"><div class=\"x-row-inner\"><div class=\"x-col e119-e9 m3b-l m3b-n\"><div class=\"x-text x-content e119-e10 m3b-u m3b-v m3b-w\"><p>Las bases s\u00f3lidas de Mexico Pacific nos permiten establecer asociaciones de primer nivel, adoptando una filosof\u00eda de construcci\u00f3n y operaci\u00f3n de menor riesgo:<\/p><\/div><ul id=\"\" class=\"x-ul-icons icon-list\" style=\"\" ><li id=\"\" class=\"x-li-icon\" style=\"\" ><i class=\"x-icon-square-full\" aria-hidden=\"true\" style=\"color: rgb(142, 211, 0);\" data-x-icon-s=\"&#xf45c;\" ><\/i>modularizaci\u00f3n del alcance de la terminal bajo un contrato EPC llave en mano a suma alzada;<\/li><li id=\"\" class=\"x-li-icon\" style=\"\" ><i class=\"x-icon-square-full\" aria-hidden=\"true\" style=\"color: rgb(142, 211, 0);\" data-x-icon-s=\"&#xf45c;\" ><\/i>utilizaci\u00f3n de tecnolog\u00eda y dise\u00f1o probados.<\/li><li id=\"\" class=\"x-li-icon\" style=\"\" ><i class=\"x-icon-square-full\" aria-hidden=\"true\" style=\"color: rgb(142, 211, 0);\" data-x-icon-s=\"&#xf45c;\" ><\/i>modelo de proyecto centrado en compromisos fijos y a largo plazo de gasoductos y terminales de GNL bajo contratos take-or-pay.<\/li><\/ul><\/div><\/div><\/div><div class=\"x-row x-container max width e119-e15 m3b-4 m3b-7 m3b-b m3b-c\"><div class=\"x-row-inner\"><div class=\"x-col e119-e16 m3b-j m3b-l m3b-n m3b-o\"><span class=\"x-image e119-e17 m3b-z m3b-10\"><img decoding=\"async\" src=\"https:\/\/mexicopacific.com\/wp-content\/uploads\/2023\/10\/Logo-CFEn-sin-fondo-1024x223-1.png\" width=\"512\" height=\"111\" alt=\"Image\" loading=\"lazy\"><\/span><\/div><div class=\"x-col e119-e18 m3b-j m3b-l m3b-o m3b-p\"><div class=\"x-text x-content e119-e19 m3b-v m3b-w m3b-x\"><p><span lang=\"EN-US\"><span style=\"font-weight: 400;\">Como generador de electricidad y distribuidor de gas en M\u00e9xico, la CFE es el mayor comprador de gas natural de Estados Unidos. La CFE es un socio estrat\u00e9gico del proyecto M\u00e9xico Pacific, proporcionando suministro de gas a largo plazo y asistencia en la ejecuci\u00f3n del proyecto. <\/span><br \/><\/span><\/p><\/div><\/div><\/div><\/div><div class=\"x-row x-container max width e119-e20 m3b-4 m3b-7 m3b-b m3b-d\"><div class=\"x-row-inner\"><div class=\"x-col e119-e21 m3b-j m3b-l m3b-n m3b-o\"><span class=\"x-image e119-e22 m3b-z m3b-10\"><img decoding=\"async\" src=\"https:\/\/mexicopacific.com\/wp-content\/uploads\/2024\/08\/Bechtel_logo_2023.svg.png\" width=\"2880\" height=\"2171\" alt=\"Image\" loading=\"lazy\"><\/span><\/div><div class=\"x-col e119-e23 m3b-j m3b-l m3b-o m3b-p\"><div class=\"x-text x-content e119-e24 m3b-v m3b-w m3b-x\">Con un historial comprobado en la entrega de dise\u00f1os llave en mano y servicios de GNL, Bechtel es un l\u00edder global con una trayectoria en el dise\u00f1o y construcci\u00f3n de proyectos de infraestructura energ\u00e9tica a gran escala en todo el mundo.\n<\/div><\/div><\/div><\/div><div class=\"x-row x-container max width e119-e25 m3b-4 m3b-7 m3b-b m3b-e\"><div class=\"x-row-inner\"><div class=\"x-col e119-e26 m3b-j m3b-l m3b-n m3b-o\"><span class=\"x-image e119-e27 m3b-z m3b-10\"><img decoding=\"async\" src=\"https:\/\/mexicopacific.com\/wp-content\/uploads\/2023\/07\/techint.png\" width=\"394\" height=\"200\" alt=\"Image\" loading=\"lazy\"><\/span><\/div><div class=\"x-col e119-e28 m3b-j m3b-k m3b-l m3b-p\"><div class=\"x-text x-content e119-e29 m3b-v m3b-w m3b-x\"><p style=\"font-weight: 400;\"><span>Con m\u00e1s de 3,000 proyectos completados en todo el mundo y una experiencia particular en Am\u00e9rica Latina, Techint es un l\u00edder en el dise\u00f1o, construcci\u00f3n y puesta en marcha de infraestructura energ\u00e9tica a gran escala.<\/span><\/p><\/div><\/div><\/div><\/div><div class=\"x-row x-container max width e119-e30 m3b-4 m3b-7 m3b-b m3b-f\"><div class=\"x-row-inner\"><div class=\"x-col e119-e31 m3b-j m3b-l m3b-n m3b-o\"><span class=\"x-image e119-e32 m3b-z m3b-11\"><img decoding=\"async\" src=\"https:\/\/mexicopacific.com\/wp-content\/uploads\/2023\/07\/CoP_Optimized-Cascade.png\" width=\"1258\" height=\"563\" alt=\"Image\" loading=\"lazy\"><\/span><\/div><div class=\"x-col e119-e33 m3b-j m3b-k m3b-l m3b-p\"><div class=\"x-text x-content e119-e34 m3b-v m3b-w m3b-x\"><p style=\"font-weight: 400;\"><span>Desde la producci\u00f3n e importaci\u00f3n de GNL desde 1969 hasta la puesta en marcha a tiempo de 17 nuevos trenes de GNL a gran escala en un per\u00edodo de ocho a\u00f1os, el proceso Optimized Cascade\u00ae proporciona m\u00e1s de 110 millones de toneladas m\u00e9tricas por a\u00f1o de la capacidad de suministro de GNL del mundo y est\u00e1 licenciado en 27 trenes a nivel mundial.*<\/span><\/p><\/div><div class=\"x-text x-content e119-e35 m3b-v m3b-x m3b-y\"><p style=\"font-weight: 400;\">&nbsp;<\/p>\n<p style=\"font-weight: 400;\">*Basado en una capacidad de producci\u00f3n global instalada total de 113 MTPA asociada con 26 trenes de GNL licenciados en operaci\u00f3n.<\/p><\/div><\/div><\/div><\/div><div class=\"x-row x-container max width e119-e36 m3b-4 m3b-7 m3b-b m3b-g\"><div class=\"x-row-inner\"><div class=\"x-col e119-e37 m3b-j m3b-l m3b-n m3b-o\"><span class=\"x-image e119-e38 m3b-z m3b-11\"><img decoding=\"async\" src=\"https:\/\/mexicopacific.com\/wp-content\/uploads\/2022\/06\/baker_hughes_logo.png\" width=\"250\" height=\"59\" alt=\"Baker Hughes\" loading=\"lazy\"><\/span><\/div><div class=\"x-col e119-e39 m3b-j m3b-k m3b-l m3b-p\"><div class=\"x-text x-content e119-e40 m3b-v m3b-w m3b-x\"><p style=\"font-weight: 400;\" class=\"translation-block\">Soluciones de GNL l\u00edderes en la industria para una confiabilidad, disponibilidad y \u00e9xito del proyecto a largo plazo, con m\u00e1s de 60 plantas de GNL en operaci\u00f3n o en construcci\u00f3n en todo el mundo que dependen de la turbomaquinaria de Baker Hughes.<\/p><\/div><\/div><\/div><\/div><div class=\"x-row x-container max width e119-e41 m3b-4 m3b-7 m3b-b m3b-h\"><div class=\"x-row-inner\"><div class=\"x-col e119-e42 m3b-j m3b-l m3b-n m3b-o\"><span class=\"x-image e119-e43 m3b-z m3b-12\"><img decoding=\"async\" src=\"https:\/\/mexicopacific.com\/wp-content\/uploads\/2024\/09\/bonatti.png\" width=\"326\" height=\"123\" alt=\"Image\" loading=\"lazy\"><\/span><\/div><div class=\"x-col e119-e44 m3b-j m3b-k m3b-l m3b-p\"><div class=\"x-text x-content e119-e45 m3b-v m3b-w m3b-x\"><p style=\"font-weight: 400;\"><span>Bonatti, un contratista EPC de oleoductos con amplia experiencia; cuenta con una significativa trayectoria en M\u00e9xico, habiendo entregado m\u00e1s de 2,000 kil\u00f3metros de ductos de gran di\u00e1metro, cinco estaciones de compresi\u00f3n, 12 estaciones de medici\u00f3n y tres terminales de almacenamiento de productos refinados.<\/span><\/p><\/div><\/div><\/div><\/div><div class=\"x-row x-container max width e119-e46 m3b-4 m3b-7 m3b-b m3b-i\"><div class=\"x-row-inner\"><div class=\"x-col e119-e47 m3b-j m3b-l m3b-n m3b-o\"><span class=\"x-image e119-e48 m3b-z m3b-11\"><img decoding=\"async\" src=\"https:\/\/mexicopacific.com\/wp-content\/uploads\/2024\/09\/sicim.png\" width=\"326\" height=\"116\" alt=\"sicim\" loading=\"lazy\"><\/span><\/div><div class=\"x-col e119-e49 m3b-j m3b-k m3b-l m3b-p\"><div class=\"x-text x-content e119-e50 m3b-v m3b-w m3b-x\"><p style=\"font-weight: 400;\"><span>Especializada en proyectos de construcci\u00f3n en el sector energ\u00e9tico, GDI Sicim ha construido m\u00e1s de 4,000 kil\u00f3metros de gasoductos en M\u00e9xico, incluyendo experiencia en la ejecuci\u00f3n simult\u00e1nea en m\u00faltiples tramos de gasoductos.<\/span><\/p><\/div><\/div><\/div><\/div><\/div><\/div>","protected":false},"excerpt":{"rendered":"<p>Strategic Partners Mexico Pacific&rsquo;s strong fundamentals enable us to enter into best-in-class partnerships, adopting a lower risk construction and operating philosophy:Modularization of terminal scope under a lump-sum turnkey EPC contract;utilizing proven technology and design; andproject model focuses on fixed, long-term, take-or-pay pipeline and LNG terminal commitmentsAs Mexico&rsquo;s electricity generator and gas distributor, CFE is the largest buyer of U.S. natural &#8230;<\/p>","protected":false},"author":4,"featured_media":0,"parent":0,"menu_order":3,"comment_status":"closed","ping_status":"closed","template":"template-blank-4.php","meta":{"footnotes":""},"class_list":["post-119","page","type-page","status-publish","format-standard","hentry","no-post-thumbnail"],"featured_image_src":null,"featured_image_src_square":null,"_links":{"self":[{"href":"https:\/\/mexicopacific.com\/esp\/wp-json\/wp\/v2\/pages\/119","targetHints":{"allow":["GET"]}}],"collection":[{"href":"https:\/\/mexicopacific.com\/esp\/wp-json\/wp\/v2\/pages"}],"about":[{"href":"https:\/\/mexicopacific.com\/esp\/wp-json\/wp\/v2\/types\/page"}],"author":[{"embeddable":true,"href":"https:\/\/mexicopacific.com\/esp\/wp-json\/wp\/v2\/users\/4"}],"replies":[{"embeddable":true,"href":"https:\/\/mexicopacific.com\/esp\/wp-json\/wp\/v2\/comments?post=119"}],"version-history":[{"count":0,"href":"https:\/\/mexicopacific.com\/esp\/wp-json\/wp\/v2\/pages\/119\/revisions"}],"wp:attachment":[{"href":"https:\/\/mexicopacific.com\/esp\/wp-json\/wp\/v2\/media?parent=119"}],"curies":[{"name":"wp","href":"https:\/\/api.w.org\/{rel}","templated":true}]}}